{"id":39,"date":"2018-09-12T16:42:56","date_gmt":"2018-09-12T14:42:56","guid":{"rendered":"https:\/\/www.nfdi4life.de\/?page_id=39"},"modified":"2018-11-09T11:32:14","modified_gmt":"2018-11-09T10:32:14","slug":"disclaimer","status":"publish","type":"page","link":"https:\/\/www.nfdi4life.de\/?page_id=39","title":{"rendered":"Disclaimer"},"content":{"rendered":"<p>Die Deutsche Zentralbibliothek f\u00fcr Medizin (ZB MED) &#8211; Informationszentrum Lebenswissenschaften ist als Inhaltsanbieter nach \u00a7 7 Abs. 1 Telemediengesetz f\u00fcr die \u201eeigenen Inhalte\u201c, die auf www.nfdi4life.de, www.zbmed.de, www.livivo.de, www.publisso.de, http:\/\/books.publisso.de, https:\/\/repository.publisso.de und zbmedblog.de zur Nutzung bereitgehalten werden, nach den allgemeinen Gesetzen verantwortlich. Von diesen eigenen Inhalten sind Querverweise (\u201eLinks\u201c) auf die von anderen Anbietern bereitgehaltenen Inhalte zu unterscheiden. Durch den Querverweis h\u00e4lt die Deutsche Zentralbibliothek f\u00fcr Medizin (ZB MED) &#8211; Informationszentrum Lebenswissenschaften insofern \u201efremde Inhalte\u201c zur Nutzung bereit, die durch den Hinweis \u201e[extern]\u201c entsprechend gekennzeichnet sind. Diese fremden Inhalte wurden bei der erstmaligen Link-Setzung daraufhin \u00fcberpr\u00fcft, ob durch sie eine m\u00f6gliche zivilrechtliche oder strafrechtliche Verantwortlichkeit ausgel\u00f6st wird. Es ist jedoch nicht auszuschlie\u00dfen, dass die Inhalte im Nachhinein von den jeweiligen Anbietern ver\u00e4ndert werden. Die Deutsche Zentralbibliothek f\u00fcr Medizin (ZB MED) &#8211; Informationszentrum Lebenswissenschaften \u00fcberpr\u00fcft die Inhalte, auf die sie in ihrem Angebot verweist, nicht st\u00e4ndig auf Ver\u00e4nderungen, die eine Verantwortlichkeit neu begr\u00fcnden k\u00f6nnten. Sollten Sie der Ansicht sein, dass die verlinkten externen Seiten gegen geltendes Recht versto\u00dfen oder sonst unangemessene Inhalte haben, so teilen Sie uns dies bitte mit.<\/p>\n","protected":false},"excerpt":{"rendered":"<p>Die Deutsche Zentralbibliothek f\u00fcr Medizin (ZB MED) &#8211; Informationszentrum Lebenswissenschaften ist als Inhaltsanbieter nach \u00a7 7 Abs. 1 Telemediengesetz f\u00fcr die \u201eeigenen Inhalte\u201c, die auf www.nfdi4life.de, www.zbmed.de, www.livivo.de, www.publisso.de, http:\/\/books.publisso.de, https:\/\/repository.publisso.de und zbmedblog.de zur Nutzung bereitgehalten werden, nach den allgemeinen Gesetzen verantwortlich. Von diesen eigenen Inhalten sind Querverweise (\u201eLinks\u201c) auf die von anderen Anbietern bereitgehaltenen&#8230;<\/p>\n","protected":false},"author":1,"featured_media":0,"parent":0,"menu_order":0,"comment_status":"closed","ping_status":"closed","template":"","meta":{"footnotes":""},"class_list":["post-39","page","type-page","status-publish","hentry"],"yoast_head":"<!-- This site is optimized with the Yoast SEO plugin v22.7 - https:\/\/yoast.com\/wordpress\/plugins\/seo\/ -->\n<title>Disclaimer - NFDI4Life Umbrella<\/title>\n<meta name=\"robots\" content=\"index, follow, max-snippet:-1, max-image-preview:large, max-video-preview:-1\" \/>\n<link rel=\"canonical\" href=\"https:\/\/www.nfdi4life.de\/?page_id=39\" \/>\n<meta property=\"og:locale\" content=\"en_US\" \/>\n<meta property=\"og:type\" content=\"article\" \/>\n<meta property=\"og:title\" content=\"Disclaimer - NFDI4Life Umbrella\" \/>\n<meta property=\"og:description\" content=\"Die Deutsche Zentralbibliothek f\u00fcr Medizin (ZB MED) &#8211; Informationszentrum Lebenswissenschaften ist als Inhaltsanbieter nach \u00a7 7 Abs. 1 Telemediengesetz f\u00fcr die \u201eeigenen Inhalte\u201c, die auf www.nfdi4life.de, www.zbmed.de, www.livivo.de, www.publisso.de, http:\/\/books.publisso.de, https:\/\/repository.publisso.de und zbmedblog.de zur Nutzung bereitgehalten werden, nach den allgemeinen Gesetzen verantwortlich. Von diesen eigenen Inhalten sind Querverweise (\u201eLinks\u201c) auf die von anderen Anbietern bereitgehaltenen...\" \/>\n<meta property=\"og:url\" content=\"https:\/\/www.nfdi4life.de\/?page_id=39\" \/>\n<meta property=\"og:site_name\" content=\"NFDI4Life Umbrella\" \/>\n<meta property=\"article:modified_time\" content=\"2018-11-09T10:32:14+00:00\" \/>\n<meta name=\"twitter:card\" content=\"summary_large_image\" \/>\n<meta name=\"twitter:site\" content=\"@nfdi4life\" \/>\n<meta name=\"twitter:label1\" content=\"Est. reading time\" \/>\n\t<meta name=\"twitter:data1\" content=\"1 minute\" \/>\n<script type=\"application\/ld+json\" class=\"yoast-schema-graph\">{\"@context\":\"https:\/\/schema.org\",\"@graph\":[{\"@type\":\"WebPage\",\"@id\":\"https:\/\/www.nfdi4life.de\/?page_id=39\",\"url\":\"https:\/\/www.nfdi4life.de\/?page_id=39\",\"name\":\"Disclaimer - NFDI4Life Umbrella\",\"isPartOf\":{\"@id\":\"https:\/\/www.nfdi4life.de\/#website\"},\"datePublished\":\"2018-09-12T14:42:56+00:00\",\"dateModified\":\"2018-11-09T10:32:14+00:00\",\"breadcrumb\":{\"@id\":\"https:\/\/www.nfdi4life.de\/?page_id=39#breadcrumb\"},\"inLanguage\":\"en-US\",\"potentialAction\":[{\"@type\":\"ReadAction\",\"target\":[\"https:\/\/www.nfdi4life.de\/?page_id=39\"]}]},{\"@type\":\"BreadcrumbList\",\"@id\":\"https:\/\/www.nfdi4life.de\/?page_id=39#breadcrumb\",\"itemListElement\":[{\"@type\":\"ListItem\",\"position\":1,\"name\":\"Startseite\",\"item\":\"https:\/\/www.nfdi4life.de\/\"},{\"@type\":\"ListItem\",\"position\":2,\"name\":\"Disclaimer\"}]},{\"@type\":\"WebSite\",\"@id\":\"https:\/\/www.nfdi4life.de\/#website\",\"url\":\"https:\/\/www.nfdi4life.de\/\",\"name\":\"NFDI4Life Umbrella\",\"description\":\"\",\"potentialAction\":[{\"@type\":\"SearchAction\",\"target\":{\"@type\":\"EntryPoint\",\"urlTemplate\":\"https:\/\/www.nfdi4life.de\/?s={search_term_string}\"},\"query-input\":\"required name=search_term_string\"}],\"inLanguage\":\"en-US\"}]}<\/script>\n<!-- \/ Yoast SEO plugin. -->","yoast_head_json":{"title":"Disclaimer - NFDI4Life Umbrella","robots":{"index":"index","follow":"follow","max-snippet":"max-snippet:-1","max-image-preview":"max-image-preview:large","max-video-preview":"max-video-preview:-1"},"canonical":"https:\/\/www.nfdi4life.de\/?page_id=39","og_locale":"en_US","og_type":"article","og_title":"Disclaimer - NFDI4Life Umbrella","og_description":"Die Deutsche Zentralbibliothek f\u00fcr Medizin (ZB MED) &#8211; Informationszentrum Lebenswissenschaften ist als Inhaltsanbieter nach \u00a7 7 Abs. 1 Telemediengesetz f\u00fcr die \u201eeigenen Inhalte\u201c, die auf www.nfdi4life.de, www.zbmed.de, www.livivo.de, www.publisso.de, http:\/\/books.publisso.de, https:\/\/repository.publisso.de und zbmedblog.de zur Nutzung bereitgehalten werden, nach den allgemeinen Gesetzen verantwortlich. Von diesen eigenen Inhalten sind Querverweise (\u201eLinks\u201c) auf die von anderen Anbietern bereitgehaltenen...","og_url":"https:\/\/www.nfdi4life.de\/?page_id=39","og_site_name":"NFDI4Life Umbrella","article_modified_time":"2018-11-09T10:32:14+00:00","twitter_card":"summary_large_image","twitter_site":"@nfdi4life","twitter_misc":{"Est. reading time":"1 minute"},"schema":{"@context":"https:\/\/schema.org","@graph":[{"@type":"WebPage","@id":"https:\/\/www.nfdi4life.de\/?page_id=39","url":"https:\/\/www.nfdi4life.de\/?page_id=39","name":"Disclaimer - NFDI4Life Umbrella","isPartOf":{"@id":"https:\/\/www.nfdi4life.de\/#website"},"datePublished":"2018-09-12T14:42:56+00:00","dateModified":"2018-11-09T10:32:14+00:00","breadcrumb":{"@id":"https:\/\/www.nfdi4life.de\/?page_id=39#breadcrumb"},"inLanguage":"en-US","potentialAction":[{"@type":"ReadAction","target":["https:\/\/www.nfdi4life.de\/?page_id=39"]}]},{"@type":"BreadcrumbList","@id":"https:\/\/www.nfdi4life.de\/?page_id=39#breadcrumb","itemListElement":[{"@type":"ListItem","position":1,"name":"Startseite","item":"https:\/\/www.nfdi4life.de\/"},{"@type":"ListItem","position":2,"name":"Disclaimer"}]},{"@type":"WebSite","@id":"https:\/\/www.nfdi4life.de\/#website","url":"https:\/\/www.nfdi4life.de\/","name":"NFDI4Life Umbrella","description":"","potentialAction":[{"@type":"SearchAction","target":{"@type":"EntryPoint","urlTemplate":"https:\/\/www.nfdi4life.de\/?s={search_term_string}"},"query-input":"required name=search_term_string"}],"inLanguage":"en-US"}]}},"_links":{"self":[{"href":"https:\/\/www.nfdi4life.de\/index.php?rest_route=\/wp\/v2\/pages\/39","targetHints":{"allow":["GET"]}}],"collection":[{"href":"https:\/\/www.nfdi4life.de\/index.php?rest_route=\/wp\/v2\/pages"}],"about":[{"href":"https:\/\/www.nfdi4life.de\/index.php?rest_route=\/wp\/v2\/types\/page"}],"author":[{"embeddable":true,"href":"https:\/\/www.nfdi4life.de\/index.php?rest_route=\/wp\/v2\/users\/1"}],"replies":[{"embeddable":true,"href":"https:\/\/www.nfdi4life.de\/index.php?rest_route=%2Fwp%2Fv2%2Fcomments&post=39"}],"version-history":[{"count":5,"href":"https:\/\/www.nfdi4life.de\/index.php?rest_route=\/wp\/v2\/pages\/39\/revisions"}],"predecessor-version":[{"id":226,"href":"https:\/\/www.nfdi4life.de\/index.php?rest_route=\/wp\/v2\/pages\/39\/revisions\/226"}],"wp:attachment":[{"href":"https:\/\/www.nfdi4life.de\/index.php?rest_route=%2Fwp%2Fv2%2Fmedia&parent=39"}],"curies":[{"name":"wp","href":"https:\/\/api.w.org\/{rel}","templated":true}]}}