{"id":47,"date":"2018-09-12T16:48:09","date_gmt":"2018-09-12T14:48:09","guid":{"rendered":"https:\/\/www.nfdi4life.de\/?page_id=47"},"modified":"2019-07-10T13:56:28","modified_gmt":"2019-07-10T11:56:28","slug":"legal_notice","status":"publish","type":"page","link":"https:\/\/www.nfdi4life.de\/?page_id=47","title":{"rendered":"Legal Notice"},"content":{"rendered":"<p><strong>E-Mail:<\/strong><br \/>\n<a href=\"mailto:contact@nfdi4life.de\">contact@nfdi4life.de<\/a><\/p>\n<p>Deutsche Zentralbibliothek f\u00fcr Medizin (ZB MED) &#8211; Informationszentrum Lebenswissenschaften<br \/>\nGleueler Stra\u00dfe 60<br \/>\n50931 K\u00f6ln<br \/>\nTel.: +49 (0)221 478-5685 (Infocenter)<br \/>\nE-Mail: <a href=\"mailto:info@zbmed.de\">info@zbmed.de<\/a><br \/>\nStiftung des \u00f6ffentlichen Rechts<\/p>\n<p><strong>Vertretungsberechtigte Personen:<\/strong><br \/>\nKaufm\u00e4nnische Gesch\u00e4ftsf\u00fchrerin: <a href=\"mailto:kerrmann-krotz@zbmed.de\">Gabriele Herrmann-Krotz<\/a>, Diplom-Volkswirtin<br \/>\nWissenschaftliche Leitung: Prof. Dr. <a href=\"mailto:rebholz@zbmed.de\">Dietrich Rebholz-Schuhmann<\/a><\/p>\n<p>Umsatzsteuer-Identifikationsnummer:<br \/>\nDE123486783<\/p>\n<p><strong>Zust\u00e4ndige Aufsichtsbeh\u00f6rde:<br \/>\n<\/strong>Ministerium f\u00fcr Kultur und Wissenschaft &#8211; MKW NRW<br \/>\ndes Landes Nordrhein-Westfalen<br \/>\nV\u00f6lklinger Stra\u00dfe 49<br \/>\n40221 D\u00fcsseldorf<\/p>\n<p>Tel.: +49 (0)211 896-03 \/ -04<br \/>\nFax: +49 (0)211 896-4555 und -3220<br \/>\n<a href=\"https:\/\/www.mkw.nrw\/\" target=\"_blank\" rel=\"noopener noreferrer\">Website des MKW NRW<\/a><br \/>\n<a href=\"https:\/\/www.mkw.nrw\/ministerium\/service\/kontakt-formular\/\" target=\"_blank\" rel=\"noopener noreferrer\">Kontaktformular des MKW NRW<\/a><\/p>\n<p><strong>Redaktionell Verantwortliche:<\/strong><br \/>\n<a href=\"mailto:lindstaedt@zbmed.de\">Birte Lindst\u00e4dt<\/a><\/p>\n<p><strong>Bildnachweis:<br \/>\n<\/strong>iStock<\/p>\n","protected":false},"excerpt":{"rendered":"<p>E-Mail: contact@nfdi4life.de Deutsche Zentralbibliothek f\u00fcr Medizin (ZB MED) &#8211; Informationszentrum Lebenswissenschaften Gleueler Stra\u00dfe 60 50931 K\u00f6ln Tel.: +49 (0)221 478-5685 (Infocenter) E-Mail: info@zbmed.de Stiftung des \u00f6ffentlichen Rechts Vertretungsberechtigte Personen: Kaufm\u00e4nnische Gesch\u00e4ftsf\u00fchrerin: Gabriele Herrmann-Krotz, Diplom-Volkswirtin Wissenschaftliche Leitung: Prof. Dr. Dietrich Rebholz-Schuhmann Umsatzsteuer-Identifikationsnummer: DE123486783 Zust\u00e4ndige Aufsichtsbeh\u00f6rde: Ministerium f\u00fcr Kultur und Wissenschaft &#8211; MKW NRW des Landes Nordrhein-Westfalen&#8230;<\/p>\n","protected":false},"author":1,"featured_media":0,"parent":0,"menu_order":0,"comment_status":"closed","ping_status":"closed","template":"","meta":{"footnotes":""},"class_list":["post-47","page","type-page","status-publish","hentry"],"yoast_head":"<!-- This site is optimized with the Yoast SEO plugin v22.7 - https:\/\/yoast.com\/wordpress\/plugins\/seo\/ -->\n<title>Legal Notice - NFDI4Life Umbrella<\/title>\n<meta name=\"robots\" content=\"index, follow, max-snippet:-1, max-image-preview:large, max-video-preview:-1\" \/>\n<link rel=\"canonical\" href=\"https:\/\/www.nfdi4life.de\/?page_id=47\" \/>\n<meta property=\"og:locale\" content=\"en_US\" \/>\n<meta property=\"og:type\" content=\"article\" \/>\n<meta property=\"og:title\" content=\"Legal Notice - NFDI4Life Umbrella\" \/>\n<meta property=\"og:description\" content=\"E-Mail: contact@nfdi4life.de Deutsche Zentralbibliothek f\u00fcr Medizin (ZB MED) &#8211; Informationszentrum Lebenswissenschaften Gleueler Stra\u00dfe 60 50931 K\u00f6ln Tel.: +49 (0)221 478-5685 (Infocenter) E-Mail: info@zbmed.de Stiftung des \u00f6ffentlichen Rechts Vertretungsberechtigte Personen: Kaufm\u00e4nnische Gesch\u00e4ftsf\u00fchrerin: Gabriele Herrmann-Krotz, Diplom-Volkswirtin Wissenschaftliche Leitung: Prof. Dr. Dietrich Rebholz-Schuhmann Umsatzsteuer-Identifikationsnummer: DE123486783 Zust\u00e4ndige Aufsichtsbeh\u00f6rde: Ministerium f\u00fcr Kultur und Wissenschaft &#8211; MKW NRW des Landes Nordrhein-Westfalen...\" \/>\n<meta property=\"og:url\" content=\"https:\/\/www.nfdi4life.de\/?page_id=47\" \/>\n<meta property=\"og:site_name\" content=\"NFDI4Life Umbrella\" \/>\n<meta property=\"article:modified_time\" content=\"2019-07-10T11:56:28+00:00\" \/>\n<meta name=\"twitter:card\" content=\"summary_large_image\" \/>\n<meta name=\"twitter:site\" content=\"@nfdi4life\" \/>\n<script type=\"application\/ld+json\" class=\"yoast-schema-graph\">{\"@context\":\"https:\/\/schema.org\",\"@graph\":[{\"@type\":\"WebPage\",\"@id\":\"https:\/\/www.nfdi4life.de\/?page_id=47\",\"url\":\"https:\/\/www.nfdi4life.de\/?page_id=47\",\"name\":\"Legal Notice - NFDI4Life Umbrella\",\"isPartOf\":{\"@id\":\"https:\/\/www.nfdi4life.de\/#website\"},\"datePublished\":\"2018-09-12T14:48:09+00:00\",\"dateModified\":\"2019-07-10T11:56:28+00:00\",\"breadcrumb\":{\"@id\":\"https:\/\/www.nfdi4life.de\/?page_id=47#breadcrumb\"},\"inLanguage\":\"en-US\",\"potentialAction\":[{\"@type\":\"ReadAction\",\"target\":[\"https:\/\/www.nfdi4life.de\/?page_id=47\"]}]},{\"@type\":\"BreadcrumbList\",\"@id\":\"https:\/\/www.nfdi4life.de\/?page_id=47#breadcrumb\",\"itemListElement\":[{\"@type\":\"ListItem\",\"position\":1,\"name\":\"Startseite\",\"item\":\"https:\/\/www.nfdi4life.de\/\"},{\"@type\":\"ListItem\",\"position\":2,\"name\":\"Legal Notice\"}]},{\"@type\":\"WebSite\",\"@id\":\"https:\/\/www.nfdi4life.de\/#website\",\"url\":\"https:\/\/www.nfdi4life.de\/\",\"name\":\"NFDI4Life Umbrella\",\"description\":\"\",\"potentialAction\":[{\"@type\":\"SearchAction\",\"target\":{\"@type\":\"EntryPoint\",\"urlTemplate\":\"https:\/\/www.nfdi4life.de\/?s={search_term_string}\"},\"query-input\":\"required name=search_term_string\"}],\"inLanguage\":\"en-US\"}]}<\/script>\n<!-- \/ Yoast SEO plugin. -->","yoast_head_json":{"title":"Legal Notice - NFDI4Life Umbrella","robots":{"index":"index","follow":"follow","max-snippet":"max-snippet:-1","max-image-preview":"max-image-preview:large","max-video-preview":"max-video-preview:-1"},"canonical":"https:\/\/www.nfdi4life.de\/?page_id=47","og_locale":"en_US","og_type":"article","og_title":"Legal Notice - NFDI4Life Umbrella","og_description":"E-Mail: contact@nfdi4life.de Deutsche Zentralbibliothek f\u00fcr Medizin (ZB MED) &#8211; Informationszentrum Lebenswissenschaften Gleueler Stra\u00dfe 60 50931 K\u00f6ln Tel.: +49 (0)221 478-5685 (Infocenter) E-Mail: info@zbmed.de Stiftung des \u00f6ffentlichen Rechts Vertretungsberechtigte Personen: Kaufm\u00e4nnische Gesch\u00e4ftsf\u00fchrerin: Gabriele Herrmann-Krotz, Diplom-Volkswirtin Wissenschaftliche Leitung: Prof. Dr. Dietrich Rebholz-Schuhmann Umsatzsteuer-Identifikationsnummer: DE123486783 Zust\u00e4ndige Aufsichtsbeh\u00f6rde: Ministerium f\u00fcr Kultur und Wissenschaft &#8211; MKW NRW des Landes Nordrhein-Westfalen...","og_url":"https:\/\/www.nfdi4life.de\/?page_id=47","og_site_name":"NFDI4Life Umbrella","article_modified_time":"2019-07-10T11:56:28+00:00","twitter_card":"summary_large_image","twitter_site":"@nfdi4life","schema":{"@context":"https:\/\/schema.org","@graph":[{"@type":"WebPage","@id":"https:\/\/www.nfdi4life.de\/?page_id=47","url":"https:\/\/www.nfdi4life.de\/?page_id=47","name":"Legal Notice - NFDI4Life Umbrella","isPartOf":{"@id":"https:\/\/www.nfdi4life.de\/#website"},"datePublished":"2018-09-12T14:48:09+00:00","dateModified":"2019-07-10T11:56:28+00:00","breadcrumb":{"@id":"https:\/\/www.nfdi4life.de\/?page_id=47#breadcrumb"},"inLanguage":"en-US","potentialAction":[{"@type":"ReadAction","target":["https:\/\/www.nfdi4life.de\/?page_id=47"]}]},{"@type":"BreadcrumbList","@id":"https:\/\/www.nfdi4life.de\/?page_id=47#breadcrumb","itemListElement":[{"@type":"ListItem","position":1,"name":"Startseite","item":"https:\/\/www.nfdi4life.de\/"},{"@type":"ListItem","position":2,"name":"Legal Notice"}]},{"@type":"WebSite","@id":"https:\/\/www.nfdi4life.de\/#website","url":"https:\/\/www.nfdi4life.de\/","name":"NFDI4Life Umbrella","description":"","potentialAction":[{"@type":"SearchAction","target":{"@type":"EntryPoint","urlTemplate":"https:\/\/www.nfdi4life.de\/?s={search_term_string}"},"query-input":"required name=search_term_string"}],"inLanguage":"en-US"}]}},"_links":{"self":[{"href":"https:\/\/www.nfdi4life.de\/index.php?rest_route=\/wp\/v2\/pages\/47","targetHints":{"allow":["GET"]}}],"collection":[{"href":"https:\/\/www.nfdi4life.de\/index.php?rest_route=\/wp\/v2\/pages"}],"about":[{"href":"https:\/\/www.nfdi4life.de\/index.php?rest_route=\/wp\/v2\/types\/page"}],"author":[{"embeddable":true,"href":"https:\/\/www.nfdi4life.de\/index.php?rest_route=\/wp\/v2\/users\/1"}],"replies":[{"embeddable":true,"href":"https:\/\/www.nfdi4life.de\/index.php?rest_route=%2Fwp%2Fv2%2Fcomments&post=47"}],"version-history":[{"count":16,"href":"https:\/\/www.nfdi4life.de\/index.php?rest_route=\/wp\/v2\/pages\/47\/revisions"}],"predecessor-version":[{"id":449,"href":"https:\/\/www.nfdi4life.de\/index.php?rest_route=\/wp\/v2\/pages\/47\/revisions\/449"}],"wp:attachment":[{"href":"https:\/\/www.nfdi4life.de\/index.php?rest_route=%2Fwp%2Fv2%2Fmedia&parent=47"}],"curies":[{"name":"wp","href":"https:\/\/api.w.org\/{rel}","templated":true}]}}